{"id":281,"date":"2020-03-07T18:33:54","date_gmt":"2020-03-07T18:33:54","guid":{"rendered":"http:\/\/bsc2020.drag1.de\/?page_id=281"},"modified":"2022-06-19T14:25:23","modified_gmt":"2022-06-19T14:25:23","slug":"281-2","status":"publish","type":"page","link":"http:\/\/bsc2020.drag1.de\/","title":{"rendered":"Eine irre Reise um die Ostsee \u00fcber den Polarkreis zum Nordkap und zur\u00fcck&#8230;"},"content":{"rendered":"\n<p class=\"has-small-font-size\">Rechts im Men\u00fc <strong><em>&#8222;Neueste Beitr\u00e4ge&#8220;<\/em><\/strong> kannst du unten beginnend mit <strong><a href=\"http:\/\/bsc2020.drag1.de\/?p=4\">Teil 1<\/a><\/strong> die Beitr\u00e4ge anklicken.  Der neueste Beitrag steht immer ganz oben.<\/p>\n\n\n\n<h2 class=\"wp-block-heading\" style=\"font-size:15px;line-height:1.6\">Kannst du dir vorstellen, 16 Tage und N\u00e4chte in einem alten Auto zu verbringen, jeden Tag 500 Kilometer Landstrasse und Feldwege zu fahren und dabei 10 L\u00e4nder zu durchkreuzen?<br>Von Hamburg r\u00fcber in den wilden Osten bis nach St. Petersburg, dann weiter \u00fcber den Polarkreis zum Nordkap, um dann \u00fcber die skandinavischen L\u00e4nder wieder zur\u00fcck nach Hamburg zu fahren?<br>7500 und noch mehr Kilometer?<br>Wir auch nicht, aber wir werden es versuchen und du kannst uns dabei in diesem Blog begleiten. Abonniere diesen Blog und du bleibst auf dem Laufenden bei unserer irren Fahrt um die Ostsee&#8230;<br><br>Viel Spa\u00df beim Mitfiebern und <a href=\"http:\/\/bsc2020.drag1.de\/?p=4\" data-type=\"URL\" data-id=\"http:\/\/bsc2020.drag1.de\/?p=4\">klick hier<\/a>, um dich f\u00fcr \u00e4hnliche Abenteuer inspirieren zu lassen, bevor der Sand des Lebens durch deine Uhr geronnen ist.<br><br>Live Tracking aller Teilnehmer: <a rel=\"noreferrer noopener\" href=\"https:\/\/superlative-adventure.com\/live\" target=\"_blank\">https:\/\/superlative-adventure.com\/live<\/a><br>Link zu unserem alleinigen Tracker: <a rel=\"noreferrer noopener\" href=\"https:\/\/findpenguins.com\/0t805irkrnuof\/trip\/baltic-sea-circle-round-1\" target=\"_blank\">findpenguins.com<\/a><br><br><strong>Unsere Spendenaktion, die mithilfe vieler Freunde 1115 EURO f\u00fcr Kinder krebskranker Eltern eingebracht hat, findest du hier: <a rel=\"noreferrer noopener\" aria-label=\"betterplace.org (\u00f6ffnet in neuem Tab)\" href=\"https:\/\/www.betterplace.org\/de\/fundraising-events\/33766-bsc-2020-supersonic-elks?utm_campaign=user_share&amp;utm_medium=fundraising%20events%3A%20footer&amp;utm_source=Email\" target=\"_blank\">betterplace.org<\/a><\/strong><\/h2>\n\n\n\n<figure class=\"wp-block-image size-large is-resized\"><img loading=\"lazy\" decoding=\"async\" src=\"http:\/\/bsc2020.drag1.de\/wp-content\/uploads\/2020\/02\/850er1-1024x768.jpg\" alt=\"\" class=\"wp-image-88\" width=\"768\" height=\"576\" srcset=\"http:\/\/bsc2020.drag1.de\/wp-content\/uploads\/2020\/02\/850er1-1024x768.jpg 1024w, http:\/\/bsc2020.drag1.de\/wp-content\/uploads\/2020\/02\/850er1-300x225.jpg 300w, http:\/\/bsc2020.drag1.de\/wp-content\/uploads\/2020\/02\/850er1-768x576.jpg 768w, http:\/\/bsc2020.drag1.de\/wp-content\/uploads\/2020\/02\/850er1.jpg 1200w\" sizes=\"(max-width: 768px) 85vw, 768px\" \/><figcaption><mark style=\"background-color:rgba(0, 0, 0, 0)\" class=\"has-inline-color has-light-gray-color\">Der erste Photoshop-Entwurf vom August 2019.<\/mark><\/figcaption><\/figure>\n","protected":false},"excerpt":{"rendered":"<p>Rechts im Men\u00fc &#8222;Neueste Beitr\u00e4ge&#8220; kannst du unten beginnend mit Teil 1 die Beitr\u00e4ge anklicken. Der neueste Beitrag steht immer ganz oben. Kannst du dir vorstellen, 16 Tage und N\u00e4chte in einem alten Auto zu verbringen, jeden Tag 500 Kilometer Landstrasse und Feldwege zu fahren und dabei 10 L\u00e4nder zu durchkreuzen?Von Hamburg r\u00fcber in den &hellip; <a href=\"http:\/\/bsc2020.drag1.de\/\" class=\"more-link\"><span class=\"screen-reader-text\">\u201eEine irre Reise um die Ostsee \u00fcber den Polarkreis zum Nordkap und zur\u00fcck&#8230;\u201c<\/span> weiterlesen<\/a><\/p>\n","protected":false},"author":1,"featured_media":0,"parent":0,"menu_order":0,"comment_status":"closed","ping_status":"closed","template":"","meta":{"footnotes":""},"class_list":["post-281","page","type-page","status-publish","hentry"],"_links":{"self":[{"href":"http:\/\/bsc2020.drag1.de\/index.php?rest_route=\/wp\/v2\/pages\/281"}],"collection":[{"href":"http:\/\/bsc2020.drag1.de\/index.php?rest_route=\/wp\/v2\/pages"}],"about":[{"href":"http:\/\/bsc2020.drag1.de\/index.php?rest_route=\/wp\/v2\/types\/page"}],"author":[{"embeddable":true,"href":"http:\/\/bsc2020.drag1.de\/index.php?rest_route=\/wp\/v2\/users\/1"}],"replies":[{"embeddable":true,"href":"http:\/\/bsc2020.drag1.de\/index.php?rest_route=%2Fwp%2Fv2%2Fcomments&post=281"}],"version-history":[{"count":43,"href":"http:\/\/bsc2020.drag1.de\/index.php?rest_route=\/wp\/v2\/pages\/281\/revisions"}],"predecessor-version":[{"id":496,"href":"http:\/\/bsc2020.drag1.de\/index.php?rest_route=\/wp\/v2\/pages\/281\/revisions\/496"}],"wp:attachment":[{"href":"http:\/\/bsc2020.drag1.de\/index.php?rest_route=%2Fwp%2Fv2%2Fmedia&parent=281"}],"curies":[{"name":"wp","href":"https:\/\/api.w.org\/{rel}","templated":true}]}}